{"id":2251,"date":"2023-01-16T07:34:34","date_gmt":"2023-01-16T07:34:34","guid":{"rendered":"https:\/\/werkoe.com\/?page_id=2251"},"modified":"2024-04-20T17:38:37","modified_gmt":"2024-04-20T17:38:37","slug":"landing-page","status":"publish","type":"page","link":"https:\/\/werkoe.com\/en\/landing-page\/","title":{"rendered":"Landingpage"},"content":{"rendered":"<div data-elementor-type=\"wp-page\" data-elementor-id=\"2251\" class=\"elementor elementor-2251\" data-elementor-post-type=\"page\">\n\t\t\t\t\t\t<section class=\"elementor-section elementor-top-section elementor-element elementor-element-aafe120 elementor-hidden-desktop elementor-section-boxed elementor-section-height-default elementor-section-height-default\" data-id=\"aafe120\" data-element_type=\"section\">\n\t\t\t\t\t\t<div class=\"elementor-container elementor-column-gap-default\">\n\t\t\t\t\t<div class=\"elementor-column elementor-col-100 elementor-top-column elementor-element elementor-element-353431e\" data-id=\"353431e\" data-element_type=\"column\">\n\t\t\t<div class=\"elementor-widget-wrap elementor-element-populated\">\n\t\t\t\t\t\t<div class=\"elementor-element elementor-element-a481310 elementor-widget elementor-widget-heading\" data-id=\"a481310\" data-element_type=\"widget\" data-widget_type=\"heading.default\">\n\t\t\t\t\t<h2 class=\"elementor-heading-title elementor-size-default\">Anleitung Versandkiste TL-Werkzeuge<\/h2>\t\t\t\t<\/div>\n\t\t\t\t<div class=\"elementor-element elementor-element-c65d12d elementor-widget elementor-widget-html\" data-id=\"c65d12d\" data-element_type=\"widget\" data-widget_type=\"html.default\">\n\t\t\t\t\t<div style=\"position:relative;width:100%;padding-top:177.77%;\"><iframe src=\"https:\/\/iframe.mediadelivery.net\/embed\/232048\/e32d7f10-a305-4d37-9c57-3d9761408ef9?autoplay=false&loop=false&muted=false&preload=true&responsive=true\" loading=\"lazy\" style=\"border:0;position:absolute;top:0;left:0;height:100%;width:100%;\" allow=\"accelerometer;gyroscope;autoplay;encrypted-media;picture-in-picture;\" allowfullscreen=\"true\"><\/iframe><\/div>\n\t\t\t\t<\/div>\n\t\t\t\t\t<\/div>\n\t\t<\/div>\n\t\t\t\t\t<\/div>\n\t\t<\/section>\n\t\t\t\t<section class=\"elementor-section elementor-top-section elementor-element elementor-element-6704df9 elementor-hidden-tablet elementor-hidden-mobile elementor-section-boxed elementor-section-height-default elementor-section-height-default\" data-id=\"6704df9\" data-element_type=\"section\">\n\t\t\t\t\t\t<div class=\"elementor-container elementor-column-gap-default\">\n\t\t\t\t\t<div class=\"elementor-column elementor-col-100 elementor-top-column elementor-element elementor-element-973b362\" data-id=\"973b362\" data-element_type=\"column\">\n\t\t\t<div class=\"elementor-widget-wrap elementor-element-populated\">\n\t\t\t\t\t\t<div class=\"elementor-element elementor-element-6d51893 elementor-widget elementor-widget-heading\" data-id=\"6d51893\" data-element_type=\"widget\" data-widget_type=\"heading.default\">\n\t\t\t\t\t<h2 class=\"elementor-heading-title elementor-size-default\">Anleitung Versandkiste TL-Werkzeuge<\/h2>\t\t\t\t<\/div>\n\t\t\t\t<div class=\"elementor-element elementor-element-84acaef elementor-widget elementor-widget-html\" data-id=\"84acaef\" data-element_type=\"widget\" data-widget_type=\"html.default\">\n\t\t\t\t\t<div style=\"position:relative;padding-top:56.25%;\"><iframe src=\"https:\/\/iframe.mediadelivery.net\/embed\/232048\/509dd324-0237-4bd9-9531-61e24576544d?autoplay=false&loop=false&muted=false&preload=true&responsive=true\" loading=\"lazy\" style=\"border:0;position:absolute;top:0;height:100%;width:100%;\" allow=\"accelerometer;gyroscope;autoplay;encrypted-media;picture-in-picture;\" allowfullscreen=\"true\"><\/iframe><\/div>\t\t\t\t<\/div>\n\t\t\t\t\t<\/div>\n\t\t<\/div>\n\t\t\t\t\t<\/div>\n\t\t<\/section>\n\t\t\t\t<section class=\"elementor-section elementor-top-section elementor-element elementor-element-d973d1d elementor-section-boxed elementor-section-height-default elementor-section-height-default\" data-id=\"d973d1d\" data-element_type=\"section\">\n\t\t\t\t\t\t<div class=\"elementor-container elementor-column-gap-default\">\n\t\t\t\t\t<div class=\"elementor-column elementor-col-100 elementor-top-column elementor-element elementor-element-e227484\" data-id=\"e227484\" data-element_type=\"column\">\n\t\t\t<div class=\"elementor-widget-wrap elementor-element-populated\">\n\t\t\t\t\t\t<div class=\"elementor-element elementor-element-d23a5be elementor-cta--valign-middle elementor-cta--skin-classic elementor-animated-content elementor-bg-transform elementor-bg-transform-zoom-in elementor-widget elementor-widget-call-to-action\" data-id=\"d23a5be\" data-element_type=\"widget\" data-widget_type=\"call-to-action.default\">\n\t\t\t\t\t\t\t<a class=\"elementor-cta\" href=\"https:\/\/werkoe.com\/en\/\">\n\t\t\t\t\t<div class=\"elementor-cta__bg-wrapper\">\n\t\t\t\t<div class=\"elementor-cta__bg elementor-bg\" style=\"background-image: url(https:\/\/werkoe.com\/wp-content\/uploads\/2023\/01\/Find-us-on-werkoe6-1024x576.png);\" role=\"img\" aria-label=\"Find us on werko\u03086\"><\/div>\n\t\t\t\t<div class=\"elementor-cta__bg-overlay\"><\/div>\n\t\t\t<\/div>\n\t\t\t\t\t\t\t\t<\/a>\n\t\t\t\t\t\t<\/div>\n\t\t\t\t<div class=\"elementor-element elementor-element-34209bf elementor-cta--valign-middle elementor-cta--skin-classic elementor-animated-content elementor-bg-transform elementor-bg-transform-zoom-in elementor-widget elementor-widget-call-to-action\" data-id=\"34209bf\" data-element_type=\"widget\" data-widget_type=\"call-to-action.default\">\n\t\t\t\t\t\t\t<a class=\"elementor-cta\" href=\"https:\/\/www.instagram.com\/werkoe_power\/?hl=de\">\n\t\t\t\t\t<div class=\"elementor-cta__bg-wrapper\">\n\t\t\t\t<div class=\"elementor-cta__bg elementor-bg\" style=\"background-image: url(https:\/\/werkoe.com\/wp-content\/uploads\/2023\/01\/Instagram3.png);\" role=\"img\" aria-label=\"Instagram3\"><\/div>\n\t\t\t\t<div class=\"elementor-cta__bg-overlay\"><\/div>\n\t\t\t<\/div>\n\t\t\t\t\t\t\t\t<\/a>\n\t\t\t\t\t\t<\/div>\n\t\t\t\t<div class=\"elementor-element elementor-element-56d6af5 elementor-widget-divider--view-line elementor-widget elementor-widget-divider\" data-id=\"56d6af5\" data-element_type=\"widget\" data-widget_type=\"divider.default\">\n\t\t\t\t\t\t\t<div class=\"elementor-divider\">\n\t\t\t<span class=\"elementor-divider-separator\">\n\t\t\t\t\t\t<\/span>\n\t\t<\/div>\n\t\t\t\t\t\t<\/div>\n\t\t\t\t<div class=\"elementor-element elementor-element-fc2931e elementor-cta--valign-middle elementor-cta--skin-classic elementor-animated-content elementor-bg-transform elementor-bg-transform-zoom-in elementor-widget elementor-widget-call-to-action\" data-id=\"fc2931e\" data-element_type=\"widget\" data-widget_type=\"call-to-action.default\">\n\t\t\t\t\t\t\t<a class=\"elementor-cta\" href=\"http:\/\/www.tl-werkzeuge.de\">\n\t\t\t\t\t<div class=\"elementor-cta__bg-wrapper\">\n\t\t\t\t<div class=\"elementor-cta__bg elementor-bg\" style=\"background-image: url(https:\/\/werkoe.com\/wp-content\/uploads\/2023\/01\/tl-werkzeuge-1-1200x675.png);\" role=\"img\" aria-label=\"tl-werkzeuge 1\"><\/div>\n\t\t\t\t<div class=\"elementor-cta__bg-overlay\"><\/div>\n\t\t\t<\/div>\n\t\t\t\t\t\t\t\t<\/a>\n\t\t\t\t\t\t<\/div>\n\t\t\t\t<div class=\"elementor-element elementor-element-4f4871a elementor-cta--valign-middle elementor-cta--skin-classic elementor-animated-content elementor-bg-transform elementor-bg-transform-zoom-in elementor-widget elementor-widget-call-to-action\" data-id=\"4f4871a\" data-element_type=\"widget\" data-widget_type=\"call-to-action.default\">\n\t\t\t\t\t\t\t<a class=\"elementor-cta\" href=\"https:\/\/www.instagram.com\/werkoe_power\/?hl=de\">\n\t\t\t\t\t<div class=\"elementor-cta__bg-wrapper\">\n\t\t\t\t<div class=\"elementor-cta__bg elementor-bg\" style=\"background-image: url(https:\/\/werkoe.com\/wp-content\/uploads\/2023\/01\/Instagram3-1024x394.png);\" role=\"img\" aria-label=\"Instagram3\"><\/div>\n\t\t\t\t<div class=\"elementor-cta__bg-overlay\"><\/div>\n\t\t\t<\/div>\n\t\t\t\t\t\t\t\t<\/a>\n\t\t\t\t\t\t<\/div>\n\t\t\t\t\t<\/div>\n\t\t<\/div>\n\t\t\t\t\t<\/div>\n\t\t<\/section>\n\t\t\t\t<section class=\"elementor-section elementor-top-section elementor-element elementor-element-883bd43 elementor-section-boxed elementor-section-height-default elementor-section-height-default\" data-id=\"883bd43\" data-element_type=\"section\" data-settings=\"{&quot;background_background&quot;:&quot;classic&quot;}\">\n\t\t\t\t\t\t<div class=\"elementor-container elementor-column-gap-default\">\n\t\t\t\t\t<div class=\"elementor-column elementor-col-25 elementor-top-column elementor-element elementor-element-d7eb15f\" data-id=\"d7eb15f\" data-element_type=\"column\">\n\t\t\t<div class=\"elementor-widget-wrap elementor-element-populated\">\n\t\t\t\t\t\t<div class=\"elementor-element elementor-element-ff5aa14 elementor-widget elementor-widget-image\" data-id=\"ff5aa14\" data-element_type=\"widget\" data-widget_type=\"image.default\">\n\t\t\t\t\t\t\t\t\t\t\t\t\t\t\t<img fetchpriority=\"high\" decoding=\"async\" width=\"580\" height=\"157\" src=\"https:\/\/werkoe.com\/wp-content\/uploads\/2020\/10\/Element-1@2x.png\" class=\"attachment-large size-large wp-image-27\" alt=\"\" srcset=\"https:\/\/werkoe.com\/wp-content\/uploads\/2020\/10\/Element-1@2x.png 762w, https:\/\/werkoe.com\/wp-content\/uploads\/2020\/10\/Element-1@2x-300x81.png 300w\" sizes=\"(max-width: 580px) 100vw, 580px\" \/>\t\t\t\t\t\t\t\t\t\t\t\t\t\t\t<\/div>\n\t\t\t\t<div class=\"elementor-element elementor-element-0d0bde4 elementor-widget elementor-widget-image\" data-id=\"0d0bde4\" data-element_type=\"widget\" data-widget_type=\"image.default\">\n\t\t\t\t\t\t\t\t\t\t\t\t\t\t\t<img decoding=\"async\" width=\"580\" height=\"580\" src=\"https:\/\/werkoe.com\/wp-content\/uploads\/2022\/11\/20221104_Anerkannter_Ausbildungsbetrieb_2022_RGB.png\" class=\"attachment-large size-large wp-image-2227\" alt=\"\" srcset=\"https:\/\/werkoe.com\/wp-content\/uploads\/2022\/11\/20221104_Anerkannter_Ausbildungsbetrieb_2022_RGB.png 834w, https:\/\/werkoe.com\/wp-content\/uploads\/2022\/11\/20221104_Anerkannter_Ausbildungsbetrieb_2022_RGB-300x300.png 300w, https:\/\/werkoe.com\/wp-content\/uploads\/2022\/11\/20221104_Anerkannter_Ausbildungsbetrieb_2022_RGB-150x150.png 150w, https:\/\/werkoe.com\/wp-content\/uploads\/2022\/11\/20221104_Anerkannter_Ausbildungsbetrieb_2022_RGB-768x768.png 768w, https:\/\/werkoe.com\/wp-content\/uploads\/2022\/11\/20221104_Anerkannter_Ausbildungsbetrieb_2022_RGB-12x12.png 12w\" sizes=\"(max-width: 580px) 100vw, 580px\" \/>\t\t\t\t\t\t\t\t\t\t\t\t\t\t\t<\/div>\n\t\t\t\t\t<\/div>\n\t\t<\/div>\n\t\t\t\t<div class=\"elementor-column elementor-col-25 elementor-top-column elementor-element elementor-element-d07f044\" data-id=\"d07f044\" data-element_type=\"column\">\n\t\t\t<div class=\"elementor-widget-wrap elementor-element-populated\">\n\t\t\t\t\t\t<div class=\"elementor-element elementor-element-8d4d48a elementor-widget elementor-widget-heading\" data-id=\"8d4d48a\" data-element_type=\"widget\" data-widget_type=\"heading.default\">\n\t\t\t\t\t<h2 class=\"elementor-heading-title elementor-size-default\">WERK\u00d6<\/h2>\t\t\t\t<\/div>\n\t\t\t\t<div class=\"elementor-element elementor-element-13d2229 elementor-align-left elementor-mobile-align-center elementor-icon-list--layout-traditional elementor-list-item-link-full_width elementor-widget elementor-widget-icon-list\" data-id=\"13d2229\" data-element_type=\"widget\" data-widget_type=\"icon-list.default\">\n\t\t\t\t\t\t\t<ul class=\"elementor-icon-list-items\">\n\t\t\t\t\t\t\t<li class=\"elementor-icon-list-item\">\n\t\t\t\t\t\t\t\t\t\t\t<a href=\"https:\/\/werkoe.com\/en\/produkte\/\">\n\n\t\t\t\t\t\t\t\t\t\t\t<span class=\"elementor-icon-list-text\">Products<\/span>\n\t\t\t\t\t\t\t\t\t\t\t<\/a>\n\t\t\t\t\t\t\t\t\t<\/li>\n\t\t\t\t\t\t\t\t<li class=\"elementor-icon-list-item\">\n\t\t\t\t\t\t\t\t\t\t\t<a href=\"https:\/\/tl-werkzeuge.de\/\">\n\n\t\t\t\t\t\t\t\t\t\t\t<span class=\"elementor-icon-list-text\">TL Werkzeuge GmbH<\/span>\n\t\t\t\t\t\t\t\t\t\t\t<\/a>\n\t\t\t\t\t\t\t\t\t<\/li>\n\t\t\t\t\t\t\t\t<li class=\"elementor-icon-list-item\">\n\t\t\t\t\t\t\t\t\t\t\t<a href=\"https:\/\/werkoe.com\/en\/gesellschaften\/\">\n\n\t\t\t\t\t\t\t\t\t\t\t<span class=\"elementor-icon-list-text\">CTT<\/span>\n\t\t\t\t\t\t\t\t\t\t\t<\/a>\n\t\t\t\t\t\t\t\t\t<\/li>\n\t\t\t\t\t\t\t\t<li class=\"elementor-icon-list-item\">\n\t\t\t\t\t\t\t\t\t\t\t<a href=\"https:\/\/werkoe.com\/en\/karriere\/\">\n\n\t\t\t\t\t\t\t\t\t\t\t<span class=\"elementor-icon-list-text\">Career<\/span>\n\t\t\t\t\t\t\t\t\t\t\t<\/a>\n\t\t\t\t\t\t\t\t\t<\/li>\n\t\t\t\t\t\t\t\t<li class=\"elementor-icon-list-item\">\n\t\t\t\t\t\t\t\t\t\t\t<a href=\"https:\/\/webcatalog.werkoe.de:450\/login.aspx\">\n\n\t\t\t\t\t\t\t\t\t\t\t<span class=\"elementor-icon-list-text\">Partner-Login<\/span>\n\t\t\t\t\t\t\t\t\t\t\t<\/a>\n\t\t\t\t\t\t\t\t\t<\/li>\n\t\t\t\t\t\t<\/ul>\n\t\t\t\t\t\t<\/div>\n\t\t\t\t\t<\/div>\n\t\t<\/div>\n\t\t\t\t<div class=\"elementor-column elementor-col-25 elementor-top-column elementor-element elementor-element-a7c9007\" data-id=\"a7c9007\" data-element_type=\"column\">\n\t\t\t<div class=\"elementor-widget-wrap elementor-element-populated\">\n\t\t\t\t\t\t<div class=\"elementor-element elementor-element-51070fc elementor-hidden-desktop elementor-widget elementor-widget-spacer\" data-id=\"51070fc\" data-element_type=\"widget\" data-widget_type=\"spacer.default\">\n\t\t\t\t\t\t\t<div class=\"elementor-spacer\">\n\t\t\t<div class=\"elementor-spacer-inner\"><\/div>\n\t\t<\/div>\n\t\t\t\t\t\t<\/div>\n\t\t\t\t<div class=\"elementor-element elementor-element-10cbb5c elementor-widget elementor-widget-heading\" data-id=\"10cbb5c\" data-element_type=\"widget\" data-widget_type=\"heading.default\">\n\t\t\t\t\t<h2 class=\"elementor-heading-title elementor-size-default\">Products<\/h2>\t\t\t\t<\/div>\n\t\t\t\t<div class=\"elementor-element elementor-element-e5cb634 elementor-align-left elementor-mobile-align-center elementor-icon-list--layout-traditional elementor-list-item-link-full_width elementor-widget elementor-widget-icon-list\" data-id=\"e5cb634\" data-element_type=\"widget\" data-widget_type=\"icon-list.default\">\n\t\t\t\t\t\t\t<ul class=\"elementor-icon-list-items\">\n\t\t\t\t\t\t\t<li class=\"elementor-icon-list-item\">\n\t\t\t\t\t\t\t\t\t\t\t<a href=\"https:\/\/werkoe.com\/en\/werkoe-standard\/\">\n\n\t\t\t\t\t\t\t\t\t\t\t<span class=\"elementor-icon-list-text\">WERK\u00d6 Standard<\/span>\n\t\t\t\t\t\t\t\t\t\t\t<\/a>\n\t\t\t\t\t\t\t\t\t<\/li>\n\t\t\t\t\t\t\t\t<li class=\"elementor-icon-list-item\">\n\t\t\t\t\t\t\t\t\t\t\t<a href=\"https:\/\/werkoe.com\/en\/manigley\/\">\n\n\t\t\t\t\t\t\t\t\t\t\t<span class=\"elementor-icon-list-text\">Manigley<\/span>\n\t\t\t\t\t\t\t\t\t\t\t<\/a>\n\t\t\t\t\t\t\t\t\t<\/li>\n\t\t\t\t\t\t\t\t<li class=\"elementor-icon-list-item\">\n\t\t\t\t\t\t\t\t\t\t\t<a href=\"https:\/\/werkoe.com\/en\/cleveland\/\">\n\n\t\t\t\t\t\t\t\t\t\t\t<span class=\"elementor-icon-list-text\">Cleveland<\/span>\n\t\t\t\t\t\t\t\t\t\t\t<\/a>\n\t\t\t\t\t\t\t\t\t<\/li>\n\t\t\t\t\t\t\t\t<li class=\"elementor-icon-list-item\">\n\t\t\t\t\t\t\t\t\t\t\t<a href=\"https:\/\/werkoe.com\/en\/sonderanfertigung\/\">\n\n\t\t\t\t\t\t\t\t\t\t\t<span class=\"elementor-icon-list-text\">Special - Line<\/span>\n\t\t\t\t\t\t\t\t\t\t\t<\/a>\n\t\t\t\t\t\t\t\t\t<\/li>\n\t\t\t\t\t\t<\/ul>\n\t\t\t\t\t\t<\/div>\n\t\t\t\t\t<\/div>\n\t\t<\/div>\n\t\t\t\t<div class=\"elementor-column elementor-col-25 elementor-top-column elementor-element elementor-element-2ed537b\" data-id=\"2ed537b\" data-element_type=\"column\">\n\t\t\t<div class=\"elementor-widget-wrap elementor-element-populated\">\n\t\t\t\t\t\t<div class=\"elementor-element elementor-element-7fa2eb6 elementor-hidden-desktop elementor-widget elementor-widget-spacer\" data-id=\"7fa2eb6\" data-element_type=\"widget\" data-widget_type=\"spacer.default\">\n\t\t\t\t\t\t\t<div class=\"elementor-spacer\">\n\t\t\t<div class=\"elementor-spacer-inner\"><\/div>\n\t\t<\/div>\n\t\t\t\t\t\t<\/div>\n\t\t\t\t<div class=\"elementor-element elementor-element-4efd763 elementor-widget elementor-widget-heading\" data-id=\"4efd763\" data-element_type=\"widget\" data-widget_type=\"heading.default\">\n\t\t\t\t\t<h2 class=\"elementor-heading-title elementor-size-default\">Legals<\/h2>\t\t\t\t<\/div>\n\t\t\t\t<div class=\"elementor-element elementor-element-ce5789f elementor-align-left elementor-mobile-align-center elementor-icon-list--layout-traditional elementor-list-item-link-full_width elementor-widget elementor-widget-icon-list\" data-id=\"ce5789f\" data-element_type=\"widget\" data-widget_type=\"icon-list.default\">\n\t\t\t\t\t\t\t<ul class=\"elementor-icon-list-items\">\n\t\t\t\t\t\t\t<li class=\"elementor-icon-list-item\">\n\t\t\t\t\t\t\t\t\t\t\t<a href=\"https:\/\/werkoe.com\/en\/impressum\/\">\n\n\t\t\t\t\t\t\t\t\t\t\t<span class=\"elementor-icon-list-text\">Imprint<\/span>\n\t\t\t\t\t\t\t\t\t\t\t<\/a>\n\t\t\t\t\t\t\t\t\t<\/li>\n\t\t\t\t\t\t\t\t<li class=\"elementor-icon-list-item\">\n\t\t\t\t\t\t\t\t\t\t\t<a href=\"https:\/\/werkoe.com\/en\/datenschutz\/\">\n\n\t\t\t\t\t\t\t\t\t\t\t<span class=\"elementor-icon-list-text\">Privacy Policy<\/span>\n\t\t\t\t\t\t\t\t\t\t\t<\/a>\n\t\t\t\t\t\t\t\t\t<\/li>\n\t\t\t\t\t\t<\/ul>\n\t\t\t\t\t\t<\/div>\n\t\t\t\t\t<\/div>\n\t\t<\/div>\n\t\t\t\t\t<\/div>\n\t\t<\/section>\n\t\t\t\t<\/div>","protected":false},"excerpt":{"rendered":"<p>Anleitung Versandkiste TL-Werkzeuge Anleitung Versandkiste TL-Werkzeuge WERK\u00d6 Produkte TL Werkzeuge GmbH CTT Karriere Partner-Login Produkte WERK\u00d6 Standard Manigley Cleveland Sonderanfertigung Legals Impressum Datenschutzerkl\u00e4rung<\/p>","protected":false},"author":5,"featured_media":0,"parent":0,"menu_order":0,"comment_status":"closed","ping_status":"closed","template":"elementor_canvas","meta":{"_monsterinsights_skip_tracking":false,"_monsterinsights_sitenote_active":false,"_monsterinsights_sitenote_note":"","_monsterinsights_sitenote_category":0,"footnotes":""},"class_list":["post-2251","page","type-page","status-publish","hentry"],"yoast_head":"<!-- This site is optimized with the Yoast SEO plugin v23.4 - https:\/\/yoast.com\/wordpress\/plugins\/seo\/ -->\n<title>Landingpage - Werk\u00f6<\/title>\n<meta name=\"description\" content=\"Visit our website or find us on Instagram or Facebook.\" \/>\n<meta name=\"robots\" content=\"index, follow, max-snippet:-1, max-image-preview:large, max-video-preview:-1\" \/>\n<link rel=\"canonical\" href=\"https:\/\/werkoe.com\/en\/landing-page\/\" \/>\n<meta property=\"og:locale\" content=\"en_US\" \/>\n<meta property=\"og:type\" content=\"article\" \/>\n<meta property=\"og:title\" content=\"Landingpage - Werk\u00f6\" \/>\n<meta property=\"og:description\" content=\"Visit our website or find us on Instagram or Facebook.\" \/>\n<meta property=\"og:url\" content=\"https:\/\/werkoe.com\/en\/landing-page\/\" \/>\n<meta property=\"og:site_name\" content=\"Werk\u00f6\" \/>\n<meta property=\"article:modified_time\" content=\"2024-04-20T17:38:37+00:00\" \/>\n<meta property=\"og:image\" content=\"https:\/\/werkoe.com\/wp-content\/uploads\/2020\/10\/Element-1@2x.png\" \/>\n<meta name=\"twitter:card\" content=\"summary_large_image\" \/>\n<meta name=\"twitter:label1\" content=\"Est. reading time\" \/>\n\t<meta name=\"twitter:data1\" content=\"1 minute\" \/>\n<script type=\"application\/ld+json\" class=\"yoast-schema-graph\">{\"@context\":\"https:\/\/schema.org\",\"@graph\":[{\"@type\":\"WebPage\",\"@id\":\"https:\/\/werkoe.com\/landing-page\/\",\"url\":\"https:\/\/werkoe.com\/landing-page\/\",\"name\":\"Landingpage - Werk\u00f6\",\"isPartOf\":{\"@id\":\"https:\/\/werkoe.com\/#website\"},\"primaryImageOfPage\":{\"@id\":\"https:\/\/werkoe.com\/landing-page\/#primaryimage\"},\"image\":{\"@id\":\"https:\/\/werkoe.com\/landing-page\/#primaryimage\"},\"thumbnailUrl\":\"https:\/\/werkoe.com\/wp-content\/uploads\/2020\/10\/Element-1@2x.png\",\"datePublished\":\"2023-01-16T07:34:34+00:00\",\"dateModified\":\"2024-04-20T17:38:37+00:00\",\"description\":\"Visit our website or find us on Instagram or Facebook.\",\"breadcrumb\":{\"@id\":\"https:\/\/werkoe.com\/landing-page\/#breadcrumb\"},\"inLanguage\":\"en-US\",\"potentialAction\":[{\"@type\":\"ReadAction\",\"target\":[\"https:\/\/werkoe.com\/landing-page\/\"]}]},{\"@type\":\"ImageObject\",\"inLanguage\":\"en-US\",\"@id\":\"https:\/\/werkoe.com\/landing-page\/#primaryimage\",\"url\":\"https:\/\/werkoe.com\/wp-content\/uploads\/2020\/10\/Element-1@2x.png\",\"contentUrl\":\"https:\/\/werkoe.com\/wp-content\/uploads\/2020\/10\/Element-1@2x.png\"},{\"@type\":\"BreadcrumbList\",\"@id\":\"https:\/\/werkoe.com\/landing-page\/#breadcrumb\",\"itemListElement\":[{\"@type\":\"ListItem\",\"position\":1,\"name\":\"Home\",\"item\":\"https:\/\/werkoe.com\/\"},{\"@type\":\"ListItem\",\"position\":2,\"name\":\"Landingpage\"}]},{\"@type\":\"WebSite\",\"@id\":\"https:\/\/werkoe.com\/#website\",\"url\":\"https:\/\/werkoe.com\/\",\"name\":\"Werk\u00f6\",\"description\":\"Hersteller von Standard- und Sonderwerkzeugen\",\"potentialAction\":[{\"@type\":\"SearchAction\",\"target\":{\"@type\":\"EntryPoint\",\"urlTemplate\":\"https:\/\/werkoe.com\/?s={search_term_string}\"},\"query-input\":{\"@type\":\"PropertyValueSpecification\",\"valueRequired\":true,\"valueName\":\"search_term_string\"}}],\"inLanguage\":\"en-US\"}]}<\/script>\n<!-- \/ Yoast SEO plugin. -->","yoast_head_json":{"title":"Landingpage - Werk\u00f6","description":"Visit our website or find us on Instagram or Facebook.","robots":{"index":"index","follow":"follow","max-snippet":"max-snippet:-1","max-image-preview":"max-image-preview:large","max-video-preview":"max-video-preview:-1"},"canonical":"https:\/\/werkoe.com\/en\/landing-page\/","og_locale":"en_US","og_type":"article","og_title":"Landingpage - Werk\u00f6","og_description":"Visit our website or find us on Instagram or Facebook.","og_url":"https:\/\/werkoe.com\/en\/landing-page\/","og_site_name":"Werk\u00f6","article_modified_time":"2024-04-20T17:38:37+00:00","og_image":[{"url":"https:\/\/werkoe.com\/wp-content\/uploads\/2020\/10\/Element-1@2x.png"}],"twitter_card":"summary_large_image","twitter_misc":{"Est. reading time":"1 minute"},"schema":{"@context":"https:\/\/schema.org","@graph":[{"@type":"WebPage","@id":"https:\/\/werkoe.com\/landing-page\/","url":"https:\/\/werkoe.com\/landing-page\/","name":"Landingpage - Werk\u00f6","isPartOf":{"@id":"https:\/\/werkoe.com\/#website"},"primaryImageOfPage":{"@id":"https:\/\/werkoe.com\/landing-page\/#primaryimage"},"image":{"@id":"https:\/\/werkoe.com\/landing-page\/#primaryimage"},"thumbnailUrl":"https:\/\/werkoe.com\/wp-content\/uploads\/2020\/10\/Element-1@2x.png","datePublished":"2023-01-16T07:34:34+00:00","dateModified":"2024-04-20T17:38:37+00:00","description":"Visit our website or find us on Instagram or Facebook.","breadcrumb":{"@id":"https:\/\/werkoe.com\/landing-page\/#breadcrumb"},"inLanguage":"en-US","potentialAction":[{"@type":"ReadAction","target":["https:\/\/werkoe.com\/landing-page\/"]}]},{"@type":"ImageObject","inLanguage":"en-US","@id":"https:\/\/werkoe.com\/landing-page\/#primaryimage","url":"https:\/\/werkoe.com\/wp-content\/uploads\/2020\/10\/Element-1@2x.png","contentUrl":"https:\/\/werkoe.com\/wp-content\/uploads\/2020\/10\/Element-1@2x.png"},{"@type":"BreadcrumbList","@id":"https:\/\/werkoe.com\/landing-page\/#breadcrumb","itemListElement":[{"@type":"ListItem","position":1,"name":"Home","item":"https:\/\/werkoe.com\/"},{"@type":"ListItem","position":2,"name":"Landingpage"}]},{"@type":"WebSite","@id":"https:\/\/werkoe.com\/#website","url":"https:\/\/werkoe.com\/","name":"Werk\u00f6","description":"Hersteller von Standard- und Sonderwerkzeugen","potentialAction":[{"@type":"SearchAction","target":{"@type":"EntryPoint","urlTemplate":"https:\/\/werkoe.com\/?s={search_term_string}"},"query-input":{"@type":"PropertyValueSpecification","valueRequired":true,"valueName":"search_term_string"}}],"inLanguage":"en-US"}]}},"_links":{"self":[{"href":"https:\/\/werkoe.com\/en\/wp-json\/wp\/v2\/pages\/2251","targetHints":{"allow":["GET"]}}],"collection":[{"href":"https:\/\/werkoe.com\/en\/wp-json\/wp\/v2\/pages"}],"about":[{"href":"https:\/\/werkoe.com\/en\/wp-json\/wp\/v2\/types\/page"}],"author":[{"embeddable":true,"href":"https:\/\/werkoe.com\/en\/wp-json\/wp\/v2\/users\/5"}],"replies":[{"embeddable":true,"href":"https:\/\/werkoe.com\/en\/wp-json\/wp\/v2\/comments?post=2251"}],"version-history":[{"count":171,"href":"https:\/\/werkoe.com\/en\/wp-json\/wp\/v2\/pages\/2251\/revisions"}],"predecessor-version":[{"id":2699,"href":"https:\/\/werkoe.com\/en\/wp-json\/wp\/v2\/pages\/2251\/revisions\/2699"}],"wp:attachment":[{"href":"https:\/\/werkoe.com\/en\/wp-json\/wp\/v2\/media?parent=2251"}],"curies":[{"name":"wp","href":"https:\/\/api.w.org\/{rel}","templated":true}]}}